
{"id":4247,"date":"2025-02-14T09:32:00","date_gmt":"2025-02-14T09:32:00","guid":{"rendered":"https:\/\/www.metalotrofa.com\/?page_id=4247"},"modified":"2025-02-14T17:30:07","modified_gmt":"2025-02-14T17:30:07","slug":"canal-de-denuncia","status":"publish","type":"page","link":"https:\/\/www.metalotrofa.com\/fr\/canal-de-denuncia\/","title":{"rendered":"Canal de Den\u00fancia"},"content":{"rendered":"<div data-elementor-type=\"wp-page\" data-elementor-id=\"4247\" class=\"elementor elementor-4247\" data-elementor-settings=\"[]\">\n\t\t\t\t\t\t\t<div class=\"elementor-section-wrap\">\n\t\t\t\t\t\t\t<section class=\"elementor-section elementor-top-section elementor-element elementor-element-6f1da21 header_page elementor-section-boxed elementor-section-height-default elementor-section-height-default\" data-id=\"6f1da21\" data-element_type=\"section\" data-settings=\"{&quot;background_background&quot;:&quot;classic&quot;,&quot;tmea_shape_divider_top&quot;:&quot;none&quot;,&quot;tmea_shape_divider_bottom&quot;:&quot;none&quot;}\">\n\t\t\t\t\t\t<div class=\"elementor-container elementor-column-gap-default\">\n\t\t\t\t\t<div class=\"elementor-column elementor-col-100 elementor-top-column elementor-element elementor-element-cd3407a\" data-id=\"cd3407a\" data-element_type=\"column\">\n\t\t\t<div class=\"elementor-widget-wrap elementor-element-populated\">\n\t\t\t\t\t\t\t\t<div class=\"elementor-element elementor-element-be75243 elementor-widget elementor-widget-heading\" data-id=\"be75243\" data-element_type=\"widget\" data-widget_type=\"heading.default\">\n\t\t\t\t<div class=\"elementor-widget-container\">\n\t\t\t<h1 class=\"elementor-heading-title elementor-size-default\">Canal de Den\u00fancia<\/h1>\t\t<\/div>\n\t\t\t\t<\/div>\n\t\t\t\t\t<\/div>\n\t\t<\/div>\n\t\t\t\t\t\t\t<\/div>\n\t\t<\/section>\n\t\t\t\t<section class=\"elementor-section elementor-top-section elementor-element elementor-element-43078cbc elementor-section-boxed elementor-section-height-default elementor-section-height-default\" data-id=\"43078cbc\" data-element_type=\"section\" data-settings=\"{&quot;tmea_shape_divider_top&quot;:&quot;none&quot;,&quot;tmea_shape_divider_bottom&quot;:&quot;none&quot;}\">\n\t\t\t\t\t\t<div class=\"elementor-container elementor-column-gap-default\">\n\t\t\t\t\t<div class=\"elementor-column elementor-col-100 elementor-top-column elementor-element elementor-element-4905d719\" data-id=\"4905d719\" data-element_type=\"column\">\n\t\t\t<div class=\"elementor-widget-wrap elementor-element-populated\">\n\t\t\t\t\t\t\t\t<div class=\"elementor-element elementor-element-5ca46668 elementor-widget elementor-widget-text-editor\" data-id=\"5ca46668\" data-element_type=\"widget\" data-widget_type=\"text-editor.default\">\n\t\t\t\t<div class=\"elementor-widget-container\">\n\t\t\t\t\t\t\t<p>Dando cumprimento \u00e0 Lei n.\u00ba 93\/2021, de 20 de dezembro, que estabelece o regime geral de prote\u00e7\u00e3o de denunciantes de infra\u00e7\u00f5es, transpondo a Diretiva (UE) 2019\/1937 do Parlamento Europeu e do Conselho, de 23 de outubro de 2019, relativa \u00e0 prote\u00e7\u00e3o das pessoas que denunciam viola\u00e7\u00f5es do direito da Uni\u00e3o, a Metalotrofa \u2013 Serralharia Mec\u00e2nica da Trofa, Lda, disponibiliza um canal interno para den\u00fancias.<\/p><h4><strong>A den\u00fancia pode ser efetuada por: <\/strong><\/h4><ul><li>Colaboradores;<\/li><li>Prestadores de servi\u00e7os, contratantes, subcontratantes e fornecedores, bem como quaisquer pessoas que atuem sob a sua supervis\u00e3o e dire\u00e7\u00e3o;<\/li><li>Titulares de participa\u00e7\u00f5es sociais e as pessoas pertencentes a \u00f3rg\u00e3os de administra\u00e7\u00e3o ou de gest\u00e3o ou a \u00f3rg\u00e3os fiscais ou de supervis\u00e3o de pessoas coletivas, incluindo membros n\u00e3o executivos;<\/li><li>Volunt\u00e1rios e estagi\u00e1rios, remunerados ou n\u00e3o remunerados.<\/li><\/ul><h4>Prazos que devem ser considerados:<\/h4><ul><li>7 dias \u2013 para receber uma notifica\u00e7\u00e3o da rece\u00e7\u00e3o de den\u00fancia<\/li><li>90 dias \u2013 comunica\u00e7\u00e3o aos denunciantes das medidas previstas ou adotadas para dar seguimento \u00e0 den\u00fancia e a respetiva fundamenta\u00e7\u00e3o, a contar da data da rece\u00e7\u00e3o da den\u00fancia.<\/li><li>15 dias ap\u00f3s a respetiva conclus\u00e3o, no caso de o denunciante ter requerido, a comunica\u00e7\u00e3o do resultado da an\u00e1lise efetuada.<\/li><\/ul><p>O registo das den\u00fancias recebidas ser\u00e1 conservado pelo menos durante o per\u00edodo de 5 anos e, independente disso, durante a pend\u00eancia de processos judiciais ou administrativos referentes \u00e0 den\u00fancia.<\/p><h4>Pode realizar a den\u00fancia por um dos seguintes m\u00e9todos:<\/h4><ul><li>Comunica\u00e7\u00e3o Via Correio:<br \/>Deve constar que \u00e9 dirigida ao Gestor\/a de Den\u00fancias Interno Metalotrofa \u2013 Serralharia Mec\u00e2nica da Trofa, Lda Rua Central de Ferreiros, Pav. C, N\u00ba 206, 4760-714, Ribeir\u00e3o \u2013 V. N. Famalic\u00e3o<\/li><li>Comunica\u00e7\u00e3o Presencial:<br \/>Na Rua Central de Ferreiros, Pav. C, N\u00ba 206, entregue as 09:00H e as 18:00H (com indica\u00e7\u00e3o que pretende contactar o Gestor\/a de Den\u00fancias Interno, com a men\u00e7\u00e3o de Confidencial);<\/li><li>Preenchendo o formul\u00e1rio que se encontra nesta p\u00e1gina.<\/li><\/ul>\t\t\t\t\t\t<\/div>\n\t\t\t\t<\/div>\n\t\t\t\t<div class=\"elementor-element elementor-element-17296a6 elementor-widget elementor-widget-text-editor\" data-id=\"17296a6\" data-element_type=\"widget\" data-widget_type=\"text-editor.default\">\n\t\t\t\t<div class=\"elementor-widget-container\">\n\t\t\t\t\t\t\t<p><div class=\"wpforms-container wpforms-container-full wpforms-render-modern\" id=\"wpforms-4270\"><form id=\"wpforms-form-4270\" class=\"wpforms-validate wpforms-form wpforms-ajax-form\" data-formid=\"4270\" method=\"post\" enctype=\"multipart\/form-data\" action=\"\/fr\/wp-json\/wp\/v2\/pages\/4247?wpforms_form_id=4270\" data-token=\"265ae8da9ec53e3a8ec44c61a6b91659\" data-trp-original-action=\"\/fr\/wp-json\/wp\/v2\/pages\/4247?wpforms_form_id=4270\"><noscript class=\"wpforms-error-noscript\">Veuillez activer JavaScript dans votre navigateur pour remplir ce formulaire.<\/noscript><div class=\"wpforms-hidden\" id=\"wpforms-error-noscript\">Veuillez activer JavaScript dans votre navigateur pour remplir ce formulaire.<\/div><div class=\"wpforms-field-container\"><div id=\"wpforms-4270-field_3-container\" class=\"wpforms-field wpforms-field-layout\" data-field-id=\"3\"><label class=\"wpforms-field-label wpforms-label-hide\" for=\"wpforms-4270-field_3\" aria-hidden=\"false\">Layout<\/label><div class=\"wpforms-field-layout-columns wpforms-field-layout-preset-50-50\"><div class=\"wpforms-layout-column wpforms-layout-column-50\"><div id=\"wpforms-4270-field_0-container\" class=\"wpforms-field wpforms-field-name opcional\" data-field-id=\"0\"><label class=\"wpforms-field-label\" for=\"wpforms-4270-field_0\">Nome Completo (Opcional)<\/label><input type=\"text\" id=\"wpforms-4270-field_0\" class=\"wpforms-field-medium\" name=\"wpforms[fields][0]\" aria-errormessage=\"wpforms-4270-field_0-error\" ><\/div><div id=\"wpforms-4270-field_4-container\" class=\"wpforms-field wpforms-field-phone opcional\" data-field-id=\"4\"><label class=\"wpforms-field-label\" for=\"wpforms-4270-field_4\">Telefone\/Telem\u00f3vel (Opcional)<\/label><input type=\"tel\" id=\"wpforms-4270-field_4\" class=\"wpforms-field-medium wpforms-smart-phone-field\" data-rule-smart-phone-field=\"true\" name=\"wpforms[fields][4]\" aria-errormessage=\"wpforms-4270-field_4-error\" ><\/div><\/div><div class=\"wpforms-layout-column wpforms-layout-column-50\"><div id=\"wpforms-4270-field_1-container\" class=\"wpforms-field wpforms-field-email opcional\" data-field-id=\"1\"><label class=\"wpforms-field-label\" for=\"wpforms-4270-field_1\">Email (Opcional)<\/label><input type=\"email\" id=\"wpforms-4270-field_1\" class=\"wpforms-field-medium\" name=\"wpforms[fields][1]\" spellcheck=\"false\" aria-errormessage=\"wpforms-4270-field_1-error\" ><\/div><div id=\"wpforms-4270-field_5-container\" class=\"wpforms-field wpforms-field-radio\" data-field-id=\"5\"><fieldset><legend class=\"wpforms-field-label\">A den\u00fancia tem origem em informa\u00e7\u00f5es obtidas no \u00e2mbito da sua atividade profissional? <span class=\"wpforms-required-label\" aria-hidden=\"true\">*<\/span><\/legend><ul id=\"wpforms-4270-field_5\" class=\"wpforms-field-required\"><li class=\"choice-1 depth-1\"><input type=\"radio\" id=\"wpforms-4270-field_5_1\" name=\"wpforms[fields][5]\" value=\"Sim\" aria-errormessage=\"wpforms-4270-field_5_1-error\" required><label class=\"wpforms-field-label-inline\" for=\"wpforms-4270-field_5_1\">Sim<\/label><\/li><li class=\"choice-2 depth-1\"><input type=\"radio\" id=\"wpforms-4270-field_5_2\" name=\"wpforms[fields][5]\" value=\"N\u00e3o\" aria-errormessage=\"wpforms-4270-field_5_2-error\" required><label class=\"wpforms-field-label-inline\" for=\"wpforms-4270-field_5_2\">N\u00e3o<\/label><\/li><\/ul><\/fieldset><\/div><\/div><\/div><\/div><div id=\"wpforms-4270-field_6-container\" class=\"wpforms-field wpforms-field-textarea\" data-field-id=\"6\"><label class=\"wpforms-field-label\" for=\"wpforms-4270-field_6\">Qual \u00e9 a rela\u00e7\u00e3o que tem com a empresa (Trabalhador\/Trabalhador de um fornecedor\/Cliente\/Prestador de Servi\u00e7o\/Outra parte interessada\/etc)? <span class=\"wpforms-required-label\" aria-hidden=\"true\">*<\/span><\/label><textarea id=\"wpforms-4270-field_6\" class=\"wpforms-field-medium wpforms-field-required\" name=\"wpforms[fields][6]\" aria-errormessage=\"wpforms-4270-field_6-error\" required><\/textarea><\/div><div id=\"wpforms-4270-field_7-container\" class=\"wpforms-field wpforms-field-text\" data-field-id=\"7\"><label class=\"wpforms-field-label\" for=\"wpforms-4270-field_7\">Identifique a \u00e1rea no \u00e2mbito da denuncia: <span class=\"wpforms-required-label\" aria-hidden=\"true\">*<\/span><\/label><input type=\"text\" id=\"wpforms-4270-field_7\" class=\"wpforms-field-large wpforms-field-required\" name=\"wpforms[fields][7]\" aria-errormessage=\"wpforms-4270-field_7-error\" required><\/div><div id=\"wpforms-4270-field_8-container\" class=\"wpforms-field wpforms-field-radio\" data-field-id=\"8\"><fieldset><legend class=\"wpforms-field-label\">O que motiva a denuncia: <span class=\"wpforms-required-label\" aria-hidden=\"true\">*<\/span><\/legend><ul id=\"wpforms-4270-field_8\" class=\"wpforms-field-required\"><li class=\"choice-1 depth-1\"><input type=\"radio\" id=\"wpforms-4270-field_8_1\" name=\"wpforms[fields][8]\" value=\"Fui diretamente prejudicado(a) pela situa\u00e7\u00e3o\" aria-errormessage=\"wpforms-4270-field_8_1-error\" required><label class=\"wpforms-field-label-inline\" for=\"wpforms-4270-field_8_1\">Fui diretamente prejudicado(a) pela situa\u00e7\u00e3o<\/label><\/li><li class=\"choice-2 depth-1\"><input type=\"radio\" id=\"wpforms-4270-field_8_2\" name=\"wpforms[fields][8]\" value=\"Testemunhei a situa\u00e7\u00e3o ocorrida\" aria-errormessage=\"wpforms-4270-field_8_2-error\" required><label class=\"wpforms-field-label-inline\" for=\"wpforms-4270-field_8_2\">Testemunhei a situa\u00e7\u00e3o ocorrida<\/label><\/li><li class=\"choice-3 depth-1\"><input type=\"radio\" id=\"wpforms-4270-field_8_3\" name=\"wpforms[fields][8]\" value=\"Outro(s)\" aria-errormessage=\"wpforms-4270-field_8_3-error\" required><label class=\"wpforms-field-label-inline\" for=\"wpforms-4270-field_8_3\">Outro(s)<\/label><\/li><\/ul><\/fieldset><\/div><div id=\"wpforms-4270-field_9-container\" class=\"wpforms-field wpforms-field-textarea\" data-field-id=\"9\"><label class=\"wpforms-field-label\" for=\"wpforms-4270-field_9\">Descri\u00e7\u00e3o da situa\u00e7\u00e3o que pretende denunciar (data e hora da ocorr\u00eancia, local e pessoas envolvidas) <span class=\"wpforms-required-label\" aria-hidden=\"true\">*<\/span><\/label><textarea id=\"wpforms-4270-field_9\" class=\"wpforms-field-medium wpforms-field-required\" name=\"wpforms[fields][9]\" aria-errormessage=\"wpforms-4270-field_9-error\" required><\/textarea><\/div><div id=\"wpforms-4270-field_10-container\" class=\"wpforms-field wpforms-field-file-upload\" data-field-id=\"10\"><label class=\"wpforms-field-label\" for=\"wpforms-4270-field_10\">Anexos \u2013 Junte os documentos e\/ou outras provas que fundamentem a den\u00fancia:<\/label><div\n\t\tclass=\"wpforms-uploader\"\n\t\tdata-field-id=\"10\"\n\t\tdata-form-id=\"4270\"\n\t\tdata-input-name=\"wpforms_4270_10\"\n\t\tdata-extensions=\"pdf,jpg,jpeg,png\"\n\t\tdata-max-size=\"2097152\"\n\t\tdata-max-file-number=\"3\"\n\t\tdata-post-max-size=\"2097152\"\n\t\tdata-max-parallel-uploads=\"4\"\n\t\tdata-parallel-uploads=\"true\"\n\t\tdata-file-chunk-size=\"2097152\">\n\t<div class=\"dz-message\">\n\t\t<svg viewbox=\"0 0 1024 1024\" focusable=\"false\" data-icon=\"inbox\" width=\"50px\" height=\"50px\" fill=\"currentColor\" aria-hidden=\"true\">\n\t\t\t<path d=\"M885.2 446.3l-.2-.8-112.2-285.1c-5-16.1-19.9-27.2-36.8-27.2H281.2c-17 0-32.1 11.3-36.9 27.6L139.4 443l-.3.7-.2.8c-1.3 4.9-1.7 9.9-1 14.8-.1 1.6-.2 3.2-.2 4.8V830a60.9 60.9 0 0 0 60.8 60.8h627.2c33.5 0 60.8-27.3 60.9-60.8V464.1c0-1.3 0-2.6-.1-3.7.4-4.9 0-9.6-1.3-14.1zm-295.8-43l-.3 15.7c-.8 44.9-31.8 75.1-77.1 75.1-22.1 0-41.1-7.1-54.8-20.6S436 441.2 435.6 419l-.3-15.7H229.5L309 210h399.2l81.7 193.3H589.4zm-375 76.8h157.3c24.3 57.1 76 90.8 140.4 90.8 33.7 0 65-9.4 90.3-27.2 22.2-15.6 39.5-37.4 50.7-63.6h156.5V814H214.4V480.1z\"><\/path>\n\t\t<\/svg>\n\t\t<span class=\"modern-title\">Clique ou arraste os ficheiros para aqui.<\/span>\n\n\t\t\t\t\t<span class=\"modern-hint\">Pode fazer upload at\u00e9 3 ficheiros.<\/span>\n\t\t\t<\/div>\n<\/div>\n<input\n\t\ttype=\"text\"\n\t\tautocomplete=\"off\"\n\t\tclass=\"dropzone-input\"\n\t\tstyle=\"position:absolute!important;clip:rect(0,0,0,0)!important;height:1px!important;width:1px!important;border:0!important;overflow:hidden!important;padding:0!important;margin:0!important;\"\n\t\tid=\"wpforms-4270-field_10\"\n\t\tname=\"wpforms_4270_10\" \t\tvalue=\"\">\n<\/div><div id=\"wpforms-4270-field_11-container\" class=\"wpforms-field wpforms-field-html\" data-field-id=\"11\"><div id=\"wpforms-4270-field_11\" aria-errormessage=\"wpforms-4270-field_11-error\">Declara\u00e7\u00e3o:\r\nAutorizo o tratamento e a guarda dos meus dados pessoais para os efeitos da presente denuncia e nela contidos, bem como a transmiss\u00e3o dos mesmos na sequ\u00eancia de ordem judicial ou no cumprimento de normativos legais ao Instituto de Seguran\u00e7a Social, \u00e0 Autoridade Tribut\u00e1ria, \u00e0 Autoridade para as Condi\u00e7\u00f5es do Trabalho, e eventualmente a outras entidades.<\/div><\/div><div id=\"wpforms-4270-field_14-container\" class=\"wpforms-field wpforms-field-layout\" data-field-id=\"14\"><label class=\"wpforms-field-label wpforms-label-hide\" for=\"wpforms-4270-field_14\" aria-hidden=\"false\">Layout<\/label><div class=\"wpforms-field-layout-columns wpforms-field-layout-preset-50-50\"><div class=\"wpforms-layout-column wpforms-layout-column-50\"><div id=\"wpforms-4270-field_12-container\" class=\"wpforms-field wpforms-field-date-time\" data-field-id=\"12\"><label class=\"wpforms-field-label\" for=\"wpforms-4270-field_12\">Data <span class=\"wpforms-required-label\" aria-hidden=\"true\">*<\/span><\/label><div class=\"wpforms-datepicker-wrap\"><input type=\"text\" id=\"wpforms-4270-field_12\" class=\"wpforms-field-date-time-date wpforms-datepicker wpforms-field-required wpforms-field-large\" data-date-format=\"d\/m\/Y\" data-disable-past-dates=\"0\" data-input=\"true\" name=\"wpforms[fields][12][date]\" aria-errormessage=\"wpforms-4270-field_12-error\" required><a title=\"Effacer la date\" data-clear class=\"wpforms-datepicker-clear\" style=\"display:none;\"><\/a><\/div><\/div><\/div><div class=\"wpforms-layout-column wpforms-layout-column-50\"><div id=\"wpforms-4270-field_13-container\" class=\"wpforms-field wpforms-field-text opcional\" data-field-id=\"13\"><label class=\"wpforms-field-label\" for=\"wpforms-4270-field_13\">Nome Completo (Opcional)<\/label><input type=\"text\" id=\"wpforms-4270-field_13\" class=\"wpforms-field-large\" name=\"wpforms[fields][13]\" aria-errormessage=\"wpforms-4270-field_13-error\" ><\/div><\/div><\/div><\/div><\/div><!-- .wpforms-field-container --><div class=\"wpforms-submit-container\" ><input type=\"hidden\" name=\"wpforms[id]\" value=\"4270\"><input type=\"hidden\" name=\"wpforms[author]\" value=\"1\"><button type=\"submit\" name=\"wpforms[submit]\" id=\"wpforms-submit-4270\" class=\"wpforms-submit\" data-alt-text=\"A enviar ...\" data-submit-text=\"Enviar\" aria-live=\"assertive\" value=\"wpforms-submit\">Envoyer<\/button><img loading=\"lazy\" src=\"https:\/\/www.metalotrofa.com\/wp-content\/plugins\/wpforms\/assets\/images\/submit-spin.svg\" class=\"wpforms-submit-spinner\" style=\"display: none;\" width=\"26\" height=\"26\" alt=\"Chargement en cours\"><\/div><input type=\"hidden\" name=\"trp-form-language\" value=\"fr\"\/><\/form><\/div>  <!-- .wpforms-container --><\/p>\t\t\t\t\t\t<\/div>\n\t\t\t\t<\/div>\n\t\t\t\t<div class=\"elementor-element elementor-element-c027024 elementor-widget elementor-widget-text-editor\" data-id=\"c027024\" data-element_type=\"widget\" data-widget_type=\"text-editor.default\">\n\t\t\t\t<div class=\"elementor-widget-container\">\n\t\t\t\t\t\t\t<p>Notas:<\/p><p><span style=\"color: red;\">*<\/span>N\u00e3o preencher caso se trate de uma participa\u00e7\u00e3o an\u00f3nima.<\/p><p>** Artigo 2.\u00ba (Lei n. 93\/2021, de 20 de dezembro &#8211; RGPDI)<br \/>\u00c2mbito de aplica\u00e7\u00e3o<\/p><p>1 &#8211; Para efeitos da presente lei, considera-se infra\u00e7\u00e3o:<\/p><p>a) O ato ou omiss\u00e3o contr\u00e1rio a regras constantes dos atos da Uni\u00e3o Europeia referidos no anexo da Diretiva (UE) 2019\/1937 do Parlamento Europeu e do Conselho, a normas nacionais que executem, transponham ou deem cumprimento a tais atos ou a quaisquer outras normas constantes de atos legislativos de execu\u00e7\u00e3o ou transposi\u00e7\u00e3o dos mesmos, incluindo as que prevejam crimes ou contraordena\u00e7\u00f5es, referentes aos dom\u00ednios de:<br \/>i) Contrata\u00e7\u00e3o p\u00fablica;<br \/>ii) Servi\u00e7os, produtos e mercados financeiros e preven\u00e7\u00e3o do branqueamento de capitais e do financiamento do terrorismo;<br \/>iii) Seguran\u00e7a e conformidade dos produtos;<br \/>iv) Seguran\u00e7a dos transportes;<br \/>v) Prote\u00e7\u00e3o do ambiente;<br \/>vi) Prote\u00e7\u00e3o contra radia\u00e7\u00f5es e seguran\u00e7a nuclear;<br \/>vii) Seguran\u00e7a dos alimentos para consumo humano e animal, sa\u00fade animal e bem-estar animal;<br \/>viii) Sa\u00fade p\u00fablica;<br \/>ix) Defesa do consumidor;<br \/>x) Prote\u00e7\u00e3o da privacidade e dos dados pessoais e seguran\u00e7a da rede e dos sistemas de informa\u00e7\u00e3o;<\/p><p>b) O ato ou omiss\u00e3o contr\u00e1rio e lesivo dos interesses financeiros da Uni\u00e3o Europeia a que se refere o artigo 325.\u00ba do Tratado sobre o Funcionamento da Uni\u00e3o Europeia (TFUE), conforme especificado nas medidas da Uni\u00e3o Europeia aplic\u00e1veis;<\/p><p>c) O ato ou omiss\u00e3o contr\u00e1rio \u00e0s regras do mercado interno a que se refere o n.\u00ba 2 do artigo 26.\u00ba do TFUE, incluindo as regras de concorr\u00eancia e aux\u00edlios estatais, bem como as regras de fiscalidade societ\u00e1ria;<\/p><p>d) A criminalidade violenta, especialmente violenta e altamente organizada, bem como os crimes previstos no n.\u00ba 1 do artigo 1.\u00ba da Lei n.\u00ba 5\/2002, de 11 de janeiro, que estabelece medidas de combate \u00e0 criminalidade organizada e econ\u00f3mico-financeira; e<\/p><p>e) O ato ou omiss\u00e3o que contrarie o fim das regras ou normas abrangidas pelas al\u00edneas a) a c)<\/p><p>2 &#8211; Nos dom\u00ednios da defesa e seguran\u00e7a nacionais, s\u00f3 \u00e9 considerado infra\u00e7\u00e3o, para efeitos da presente lei, o ato ou omiss\u00e3o contr\u00e1rio \u00e0s regras de contrata\u00e7\u00e3o constantes dos atos da Uni\u00e3o Europeia referidos na parte i.A do anexo da Diretiva (UE) 2019\/1937 do Parlamento Europeu e do Conselho, ou que contrarie os fins destas regras.<\/p>\t\t\t\t\t\t<\/div>\n\t\t\t\t<\/div>\n\t\t\t\t\t<\/div>\n\t\t<\/div>\n\t\t\t\t\t\t\t<\/div>\n\t\t<\/section>\n\t\t\t\t\t\t<\/div>\n\t\t\t\t\t<\/div>","protected":false},"excerpt":{"rendered":"<p>Canal de Den\u00fancia Dando cumprimento \u00e0 Lei n.\u00ba 93\/2021, de 20 de dezembro, que estabelece o regime geral de prote\u00e7\u00e3o de denunciantes de infra\u00e7\u00f5es, transpondo a Diretiva (UE) 2019\/1937 do Parlamento Europeu e do Conselho, de 23 de outubro de 2019, relativa \u00e0 prote\u00e7\u00e3o das pessoas que denunciam viola\u00e7\u00f5es do direito da Uni\u00e3o, a Metalotrofa [&hellip;]<\/p>","protected":false},"author":1,"featured_media":0,"parent":0,"menu_order":0,"comment_status":"closed","ping_status":"closed","template":"elementor_header_footer","meta":[],"_links":{"self":[{"href":"https:\/\/www.metalotrofa.com\/fr\/wp-json\/wp\/v2\/pages\/4247"}],"collection":[{"href":"https:\/\/www.metalotrofa.com\/fr\/wp-json\/wp\/v2\/pages"}],"about":[{"href":"https:\/\/www.metalotrofa.com\/fr\/wp-json\/wp\/v2\/types\/page"}],"author":[{"embeddable":true,"href":"https:\/\/www.metalotrofa.com\/fr\/wp-json\/wp\/v2\/users\/1"}],"replies":[{"embeddable":true,"href":"https:\/\/www.metalotrofa.com\/fr\/wp-json\/wp\/v2\/comments?post=4247"}],"version-history":[{"count":32,"href":"https:\/\/www.metalotrofa.com\/fr\/wp-json\/wp\/v2\/pages\/4247\/revisions"}],"predecessor-version":[{"id":4295,"href":"https:\/\/www.metalotrofa.com\/fr\/wp-json\/wp\/v2\/pages\/4247\/revisions\/4295"}],"wp:attachment":[{"href":"https:\/\/www.metalotrofa.com\/fr\/wp-json\/wp\/v2\/media?parent=4247"}],"curies":[{"name":"wp","href":"https:\/\/api.w.org\/{rel}","templated":true}]}}