
{"id":3330,"date":"2021-09-02T15:50:51","date_gmt":"2021-09-02T15:50:51","guid":{"rendered":"https:\/\/www.metalotrofa.com\/website\/?page_id=3330"},"modified":"2021-09-07T16:00:39","modified_gmt":"2021-09-07T16:00:39","slug":"contactos","status":"publish","type":"page","link":"https:\/\/www.metalotrofa.com\/fr\/contactos\/","title":{"rendered":"Contacts"},"content":{"rendered":"<div data-elementor-type=\"wp-post\" data-elementor-id=\"3330\" class=\"elementor elementor-3330\" data-elementor-settings=\"[]\">\n\t\t\t\t\t\t\t<div class=\"elementor-section-wrap\">\n\t\t\t\t\t\t\t<section class=\"elementor-section elementor-top-section elementor-element elementor-element-017cbbe header_page elementor-section-boxed elementor-section-height-default elementor-section-height-default\" data-id=\"017cbbe\" data-element_type=\"section\" data-settings=\"{&quot;background_background&quot;:&quot;classic&quot;,&quot;tmea_shape_divider_top&quot;:&quot;none&quot;,&quot;tmea_shape_divider_bottom&quot;:&quot;none&quot;}\">\n\t\t\t\t\t\t<div class=\"elementor-container elementor-column-gap-default\">\n\t\t\t\t\t<div class=\"elementor-column elementor-col-50 elementor-top-column elementor-element elementor-element-f9ebe8b\" data-id=\"f9ebe8b\" data-element_type=\"column\">\n\t\t\t<div class=\"elementor-widget-wrap elementor-element-populated\">\n\t\t\t\t\t\t\t\t<div class=\"elementor-element elementor-element-4d76bce elementor-widget elementor-widget-heading\" data-id=\"4d76bce\" data-element_type=\"widget\" data-widget_type=\"heading.default\">\n\t\t\t\t<div class=\"elementor-widget-container\">\n\t\t\t<h1 class=\"elementor-heading-title elementor-size-default\">Contacts<\/h1>\t\t<\/div>\n\t\t\t\t<\/div>\n\t\t\t\t\t<\/div>\n\t\t<\/div>\n\t\t\t\t<div class=\"elementor-column elementor-col-50 elementor-top-column elementor-element elementor-element-fe284b0\" data-id=\"fe284b0\" data-element_type=\"column\">\n\t\t\t<div class=\"elementor-widget-wrap elementor-element-populated\">\n\t\t\t\t\t\t\t\t<div class=\"elementor-element elementor-element-6750a95 elementor-widget elementor-widget-image\" data-id=\"6750a95\" data-element_type=\"widget\" data-widget_type=\"image.default\">\n\t\t\t\t<div class=\"elementor-widget-container\">\n\t\t\t\t\t\t\t\t\t\t\t\t\t\t\t<img width=\"1158\" height=\"628\" src=\"https:\/\/www.metalotrofa.com\/wp-content\/uploads\/2021\/09\/contactos@2x.png\" class=\"attachment-2048x2048 size-2048x2048\" alt=\"\" loading=\"lazy\" srcset=\"https:\/\/www.metalotrofa.com\/wp-content\/uploads\/2021\/09\/contactos@2x.png 1158w, https:\/\/www.metalotrofa.com\/wp-content\/uploads\/2021\/09\/contactos@2x-600x325.png 600w, https:\/\/www.metalotrofa.com\/wp-content\/uploads\/2021\/09\/contactos@2x-300x163.png 300w, https:\/\/www.metalotrofa.com\/wp-content\/uploads\/2021\/09\/contactos@2x-1024x555.png 1024w, https:\/\/www.metalotrofa.com\/wp-content\/uploads\/2021\/09\/contactos@2x-768x416.png 768w\" sizes=\"(max-width: 1158px) 100vw, 1158px\" \/>\t\t\t\t\t\t\t\t\t\t\t\t\t\t\t<\/div>\n\t\t\t\t<\/div>\n\t\t\t\t\t<\/div>\n\t\t<\/div>\n\t\t\t\t\t\t\t<\/div>\n\t\t<\/section>\n\t\t\t\t<section class=\"elementor-section elementor-top-section elementor-element elementor-element-fcbf48c elementor-section-boxed elementor-section-height-default elementor-section-height-default\" data-id=\"fcbf48c\" data-element_type=\"section\" data-settings=\"{&quot;tmea_shape_divider_top&quot;:&quot;none&quot;,&quot;tmea_shape_divider_bottom&quot;:&quot;none&quot;}\">\n\t\t\t\t\t\t<div class=\"elementor-container elementor-column-gap-default\">\n\t\t\t\t\t<div class=\"elementor-column elementor-col-100 elementor-top-column elementor-element elementor-element-60ca56b\" data-id=\"60ca56b\" data-element_type=\"column\">\n\t\t\t<div class=\"elementor-widget-wrap elementor-element-populated\">\n\t\t\t\t\t\t\t\t<section class=\"elementor-section elementor-inner-section elementor-element elementor-element-9f26d71 elementor-section-full_width elementor-section-content-middle elementor-section-height-default elementor-section-height-default\" data-id=\"9f26d71\" data-element_type=\"section\" data-settings=\"{&quot;tmea_shape_divider_top&quot;:&quot;none&quot;,&quot;tmea_shape_divider_bottom&quot;:&quot;none&quot;}\">\n\t\t\t\t\t\t<div class=\"elementor-container elementor-column-gap-default\">\n\t\t\t\t\t<div class=\"elementor-column elementor-col-33 elementor-inner-column elementor-element elementor-element-5da7184\" data-id=\"5da7184\" data-element_type=\"column\">\n\t\t\t<div class=\"elementor-widget-wrap elementor-element-populated\">\n\t\t\t\t\t\t\t\t<div class=\"elementor-element elementor-element-d6d0949 elementor-widget elementor-widget-ova_heading\" data-id=\"d6d0949\" data-element_type=\"widget\" data-widget_type=\"ova_heading.default\">\n\t\t\t\t<div class=\"elementor-widget-container\">\n\t\t\t\t\t<div class=\"ova-heading\">\n\t\t\t\t\t\t\t\t\t\t<h2 class=\"title second_font\">Informations<\/h2>\n\t\t\t\n\t\t\t\t\t\t\t<div class=\"desc\"><p style=\"margin-bottom:0px !important;\">Avez-vous besoin de plus d'informations?<\/p>\n<p>\nContactez-nous maintenant!<\/p><\/div>\n\t\t\t\t\t\t\t\t<\/div>\n\t\t\t\t<\/div>\n\t\t\t\t<\/div>\n\t\t\t\t<div class=\"elementor-element elementor-element-0c2d378 info_contactos elementor-widget elementor-widget-text-editor\" data-id=\"0c2d378\" data-element_type=\"widget\" data-widget_type=\"text-editor.default\">\n\t\t\t\t<div class=\"elementor-widget-container\">\n\t\t\t\t\t\t\t<ul class=\"fa-ul text-s\">\n \t<li><i data-feather=\"phone\"><\/i>\n<div class=\"tel\"><a href=\"tel:+351252491094\" target=\"\"> +351 252 491 094 <\/a><\/div><\/li>\n \t<li><i data-feather=\"mail\"><\/i> <a href=\"mailto:info@metalotrofa.com\" rel=\"noopener\">info@metalotrofa.com<\/a><\/li>\n \t<li><i data-feather=\"map-pin\"><\/i> <a href=\"https:\/\/www.google.pt\/maps\/place\/Metalotrofa-Serralharia+Mecanica+De+Trofa,+Lda.\/@41.355997,-8.5465767,17z\/data=!4m13!1m7!3m6!1s0xd245ecbe81a53d9:0xb1d711de4ed3fbda!2sR.+Central+de+Ferreiros,+Ribeir%C3%A3o!3b1!8m2!3d41.3597484!4d-8.5467626!3m4!1s0xd245ec94fba0b31:0xf16c82c3550b8a7a!8m2!3d41.3560561!4d-8.5459118\" target=\"_blank\" rel=\"noopener\">R. Central de Ferreiros, n\u00ba206 Pav. C, Ribeir\u00e3o &#8211; Vila Nova de Famalic\u00e3o, Portugal<\/a><\/li>\n<\/ul>\t\t\t\t\t\t<\/div>\n\t\t\t\t<\/div>\n\t\t\t\t\t<\/div>\n\t\t<\/div>\n\t\t\t\t<div class=\"elementor-column elementor-col-66 elementor-inner-column elementor-element elementor-element-91a454a form_contactos\" data-id=\"91a454a\" data-element_type=\"column\">\n\t\t\t<div class=\"elementor-widget-wrap elementor-element-populated\">\n\t\t\t\t\t\t\t\t<div class=\"elementor-element elementor-element-c365f47 contactos_form elementor-widget elementor-widget-shortcode\" data-id=\"c365f47\" data-element_type=\"widget\" data-widget_type=\"shortcode.default\">\n\t\t\t\t<div class=\"elementor-widget-container\">\n\t\t\t\t\t<div class=\"elementor-shortcode\"><div role=\"form\" class=\"wpcf7\" id=\"wpcf7-f788-o1\" lang=\"en-US\" dir=\"ltr\">\n<div class=\"screen-reader-response\"><p role=\"status\" aria-live=\"polite\" aria-atomic=\"true\"><\/p> <ul><\/ul><\/div>\n<form action=\"\/fr\/wp-json\/wp\/v2\/pages\/3330#wpcf7-f788-o1\" method=\"post\" class=\"wpcf7-form init\" enctype=\"multipart\/form-data\" novalidate=\"novalidate\" data-status=\"init\" data-trp-original-action=\"\/fr\/wp-json\/wp\/v2\/pages\/3330#wpcf7-f788-o1\">\n<div style=\"display: none;\">\n<input type=\"hidden\" name=\"_wpcf7\" value=\"788\" \/>\n<input type=\"hidden\" name=\"_wpcf7_version\" value=\"5.4.2\" \/>\n<input type=\"hidden\" name=\"_wpcf7_locale\" value=\"en_US\" \/>\n<input type=\"hidden\" name=\"_wpcf7_unit_tag\" value=\"wpcf7-f788-o1\" \/>\n<input type=\"hidden\" name=\"_wpcf7_container_post\" value=\"0\" \/>\n<input type=\"hidden\" name=\"_wpcf7_posted_data_hash\" value=\"\" \/>\n<\/div>\n<div class=\"contact-1\">\n<p><label> <span class=\"wpcf7-form-control-wrap your-name\"><input type=\"text\" name=\"your-name\" value=\"\" size=\"40\" class=\"wpcf7-form-control wpcf7-text wpcf7-validates-as-required\" aria-required=\"true\" aria-invalid=\"false\" placeholder=\"Nom\" \/><\/span> <\/label><br \/>\n<label><span class=\"wpcf7-form-control-wrap your-email\"><input type=\"email\" name=\"your-email\" value=\"\" size=\"40\" class=\"wpcf7-form-control wpcf7-text wpcf7-email wpcf7-validates-as-required wpcf7-validates-as-email\" aria-required=\"true\" aria-invalid=\"false\" placeholder=\"Mail\" \/><\/span> <\/label><\/p>\n<div class=\"row row_cv row_small\">\n<div class=\"col col-12\">\n<div class=\"uploadfieldtrick flex\"><span class=\"wpcf7-form-control-wrap file-265\"><input type=\"file\" name=\"file-265\" size=\"40\" class=\"wpcf7-form-control wpcf7-file fileuploadfield\" id=\"fileuploadfield\" accept=\".pdf,.txt\" aria-invalid=\"false\" \/><\/span><input type=\"button\" id=\"uploadbrowsebutton\" class=\"uploadbrowsebutton\" value=\"S\u00e9lectionner un fichier\"><span class=\"wpcf7-form-control-wrap uploadtextfield\"><input type=\"text\" name=\"uploadtextfield\" value=\"\" size=\"40\" class=\"wpcf7-form-control wpcf7-text uploadtextfield\" id=\"uploadtextfield\" readonly=\"readonly\" aria-invalid=\"false\" placeholder=\"Aucun fichier s\u00e9lectionn\u00e9\" \/><\/span><\/div>\n<div class=\"col col-12\"><label> Soumettez un fichier pdf ici. par exemple, demande de devis.pdf<\/label>\n<\/div>\n<\/div>\n<\/div>\n<p><label><span class=\"wpcf7-form-control-wrap your-message\"><textarea name=\"your-message\" cols=\"40\" rows=\"10\" class=\"wpcf7-form-control wpcf7-textarea\" aria-invalid=\"false\" placeholder=\"Message\"><\/textarea><\/span> <\/label><\/p>\n<div class=\"form_footer\">\n<span class=\"wpcf7-form-control-wrap\"><span class=\"wpcf7-form-control wpcf7-checkbox\"><span class=\"wpcf7-form-control-wrap acceptance-949\"><span class=\"wpcf7-form-control wpcf7-acceptance\"><span class=\"wpcf7-list-item\"><label><input type=\"checkbox\" name=\"acceptance-949\" value=\"1\" aria-invalid=\"false\" \/><span class=\"wpcf7-list-item-label\">Lisez et acceptez la politique de confidentialit\u00e9<\/span><\/label><\/span><\/span><\/span><\/span><\/span><\/p>\n<div class=\"main_btn blue_btn\">\n<input type=\"submit\" value=\"Envoyer\" class=\"wpcf7-form-control wpcf7-submit\" \/><br \/>\n<a href=\"#\" class=\"elementor-button-link elementor-button elementor-size-sm btn_form\" role=\"button\"><span class=\"elementor-button-text\">Envoyer<\/span><\/span><span class=\"elementor-button-content-wrapper\"><i aria-hidden=\"true\" class=\"fas fa-angle-right\"><\/i><\/span><\/a>\n<\/div>\n<\/div>\n<\/div>\n<p><script>\n(function($) {\n \t$(\"#uploadtextfield\").click(function() {\n\t\t$('#fileuploadfield').click()});\n\t$(\"#uploadbrowsebutton\").click(function() {\n\t\t$('#fileuploadfield').click()});\n$('#fileuploadfield').change(function(e){\n            var fileName = e.target.files[0].name;\n            $('#uploadtextfield').val(fileName);});\n\t$(\"#uploadtextfield_id\").click(function() {\n\t\t$('#fileuploadfield_id').click()});\n\t$(\"#uploadbrowsebutton_id\").click(function() {\n\t\t$('#fileuploadfield_id').click()});\n$('#fileuploadfield_id').change(function(e){\n            var fileName = e.target.files[0].name;\n            $('#uploadtextfield_id').val(fileName);});\n$(\"#uploadtextfield_just\").click(function() {\n\t\t$('#fileuploadfield_just').click()});\n\t$(\"#uploadbrowsebutton_just\").click(function() {\n\t\t$('#fileuploadfield_just').click()});\n$('#fileuploadfield_just').change(function(e){\n            var fileName = e.target.files[0].name;\n            $('#uploadtextfield_just').val(fileName);});\n})(jQuery);\n<\/script><\/p>\n<div class=\"wpcf7-response-output\" aria-hidden=\"true\"><\/div><input type=\"hidden\" name=\"trp-form-language\" value=\"fr\"\/><\/form><\/div><\/div>\n\t\t\t\t<\/div>\n\t\t\t\t<\/div>\n\t\t\t\t\t<\/div>\n\t\t<\/div>\n\t\t\t\t\t\t\t<\/div>\n\t\t<\/section>\n\t\t\t\t\t<\/div>\n\t\t<\/div>\n\t\t\t\t\t\t\t<\/div>\n\t\t<\/section>\n\t\t\t\t<section class=\"elementor-section elementor-top-section elementor-element elementor-element-33dbb40 bg-8 elementor-section-boxed elementor-section-height-default elementor-section-height-default\" data-id=\"33dbb40\" data-element_type=\"section\" data-settings=\"{&quot;tmea_shape_divider_top&quot;:&quot;none&quot;,&quot;tmea_shape_divider_bottom&quot;:&quot;none&quot;}\">\n\t\t\t\t\t\t<div class=\"elementor-container elementor-column-gap-default\">\n\t\t\t\t\t<div class=\"elementor-column elementor-col-100 elementor-top-column elementor-element elementor-element-299ff24\" data-id=\"299ff24\" data-element_type=\"column\">\n\t\t\t<div class=\"elementor-widget-wrap elementor-element-populated\">\n\t\t\t\t\t\t\t\t<div class=\"elementor-element elementor-element-1afd4aa elementor-widget elementor-widget-ova_heading\" data-id=\"1afd4aa\" data-element_type=\"widget\" data-widget_type=\"ova_heading.default\">\n\t\t\t\t<div class=\"elementor-widget-container\">\n\t\t\t\t\t<div class=\"ova-heading\">\n\t\t\t\t\t\t\t\t\t\t<h2 class=\"title second_font\">Retrouvez-nous ici !<\/h2>\n\t\t\t\n\t\t\t\t\t\t\t\t<\/div>\n\t\t\t\t<\/div>\n\t\t\t\t<\/div>\n\t\t\t\t<div class=\"elementor-element elementor-element-50fe9f3 elementor-widget elementor-widget-mdp-gmaper-elementor\" data-id=\"50fe9f3\" data-element_type=\"widget\" data-widget_type=\"mdp-gmaper-elementor.default\">\n\t\t\t\t<div class=\"elementor-widget-container\">\n\t\t\t        <!-- Start Gmaper for Elementor WordPress Plugin -->\n        <div class=\"mdp-gmaper-elementor-box\"\n             data-latitude=\"41.356139\"\n             data-longitude=\"-8.545806\"\n             data-map-zoom = \"16\"\n             data-map-type = \"roadmap\"\n             data-fullscreen-control = \"no\"\n             data-zoom-control = \"no\"\n             data-streetview-control = \"no\"\n             data-map-type-control = \"no\"\n             data-scroll-wheel-zoom = \"no\"\n             data-map-dragged = \"no\"\n             data-markers = \"[{&quot;pin_item_title&quot;:&quot;&quot;,&quot;_id&quot;:&quot;f7c0e42&quot;,&quot;pin_latitude&quot;:&quot;41.356139&quot;,&quot;pin_longitude&quot;:&quot;-8.545806&quot;,&quot;pin_icon&quot;:{&quot;url&quot;:&quot;https:\\\/\\\/www.metalotrofa.com\\\/wp-content\\\/uploads\\\/2021\\\/09\\\/icon-mapa@2x.png&quot;,&quot;id&quot;:3908,&quot;alt&quot;:&quot;&quot;,&quot;source&quot;:&quot;library&quot;},&quot;rectangular_image&quot;:&quot;yes&quot;,&quot;rectangular_pin_size_height&quot;:{&quot;unit&quot;:&quot;px&quot;,&quot;size&quot;:55,&quot;sizes&quot;:[]},&quot;rectangular_pin_size_width&quot;:{&quot;unit&quot;:&quot;px&quot;,&quot;size&quot;:40,&quot;sizes&quot;:[]},&quot;square_pin_size&quot;:null,&quot;pin_item_description&quot;:&quot;&quot;}]\"\n             data-info-container-always-opened = \"no\"\n             data-info-container-open-hover = \"\"\n             data-user-geolocation = \"no\"\n             data-show-legend = \"\"\n             data-custom-styles = \"\"\n             data-map-style = \"silver\"\n        >\n                        <div class=\"mdp-gmaper-elementor-google-map-wrapper            mdp-gmaper-elementor-disable-logo            mdp-gmaper-elementor-disable-copyright            mdp-gmaper-elementor-disable-terms-of-use            mdp-gmaper-elementor-disable-report-error            mdp-gmaper-elementor-disable-keyboard-shortcuts\"><\/div>\n                    <\/div>\n        <!-- End Gmaper for Elementor WordPress Plugin -->\n        \t\t<\/div>\n\t\t\t\t<\/div>\n\t\t\t\t\t<\/div>\n\t\t<\/div>\n\t\t\t\t\t\t\t<\/div>\n\t\t<\/section>\n\t\t\t\t<section class=\"elementor-section elementor-top-section elementor-element elementor-element-38f3ba6 elementor-section-boxed elementor-section-height-default elementor-section-height-default\" data-id=\"38f3ba6\" data-element_type=\"section\" data-settings=\"{&quot;tmea_shape_divider_top&quot;:&quot;none&quot;,&quot;tmea_shape_divider_bottom&quot;:&quot;none&quot;}\">\n\t\t\t\t\t\t<div class=\"elementor-container elementor-column-gap-default\">\n\t\t\t\t\t<div class=\"elementor-column elementor-col-100 elementor-top-column elementor-element elementor-element-ee22b67\" data-id=\"ee22b67\" data-element_type=\"column\">\n\t\t\t<div class=\"elementor-widget-wrap elementor-element-populated\">\n\t\t\t\t\t\t\t\t<section class=\"elementor-section elementor-inner-section elementor-element elementor-element-6bf4ac7 elementor-section-full_width elementor-section-height-default elementor-section-height-default\" data-id=\"6bf4ac7\" data-element_type=\"section\" data-settings=\"{&quot;tmea_shape_divider_top&quot;:&quot;none&quot;,&quot;tmea_shape_divider_bottom&quot;:&quot;none&quot;}\">\n\t\t\t\t\t\t<div class=\"elementor-container elementor-column-gap-default\">\n\t\t\t\t\t<div class=\"elementor-column elementor-col-100 elementor-inner-column elementor-element elementor-element-0459397\" data-id=\"0459397\" data-element_type=\"column\">\n\t\t\t<div class=\"elementor-widget-wrap elementor-element-populated\">\n\t\t\t\t\t\t\t\t<div class=\"elementor-element elementor-element-ff8f137 elementor-widget elementor-widget-ova_heading\" data-id=\"ff8f137\" data-element_type=\"widget\" data-widget_type=\"ova_heading.default\">\n\t\t\t\t<div class=\"elementor-widget-container\">\n\t\t\t\t\t<div class=\"ova-heading\">\n\t\t\t\t\t\t\t<h5 class=\"sub-title second_font\"><span><\/span>Voudriez-vous travailler avec nous?<\/h5>\n\t\t\t\t\t\t\t\t\t\t<h2 class=\"title second_font\">rejoins notre \u00e9quipe<\/h2>\n\t\t\t\n\t\t\t\t\t\t\t\t<\/div>\n\t\t\t\t<\/div>\n\t\t\t\t<\/div>\n\t\t\t\t\t<\/div>\n\t\t<\/div>\n\t\t\t\t\t\t\t<\/div>\n\t\t<\/section>\n\t\t\t\t<section class=\"elementor-section elementor-inner-section elementor-element elementor-element-4dde333 elementor-section-full_width elementor-section-content-top elementor-section-height-default elementor-section-height-default\" data-id=\"4dde333\" data-element_type=\"section\" data-settings=\"{&quot;tmea_shape_divider_top&quot;:&quot;none&quot;,&quot;tmea_shape_divider_bottom&quot;:&quot;none&quot;}\">\n\t\t\t\t\t\t<div class=\"elementor-container elementor-column-gap-default\">\n\t\t\t\t\t<div class=\"elementor-column elementor-col-50 elementor-inner-column elementor-element elementor-element-085d575\" data-id=\"085d575\" data-element_type=\"column\">\n\t\t\t<div class=\"elementor-widget-wrap elementor-element-populated\">\n\t\t\t\t\t\t\t\t<div class=\"elementor-element elementor-element-cd454d3 elementor-widget elementor-widget-image\" data-id=\"cd454d3\" data-element_type=\"widget\" data-widget_type=\"image.default\">\n\t\t\t\t<div class=\"elementor-widget-container\">\n\t\t\t\t\t\t\t\t\t\t\t\t\t\t\t<img width=\"1024\" height=\"785\" src=\"https:\/\/www.metalotrofa.com\/wp-content\/uploads\/2021\/09\/equipa@2x-1024x785.png\" class=\"attachment-large size-large\" alt=\"\" loading=\"lazy\" srcset=\"https:\/\/www.metalotrofa.com\/wp-content\/uploads\/2021\/09\/equipa@2x-1024x785.png 1024w, https:\/\/www.metalotrofa.com\/wp-content\/uploads\/2021\/09\/equipa@2x-300x230.png 300w, https:\/\/www.metalotrofa.com\/wp-content\/uploads\/2021\/09\/equipa@2x-768x589.png 768w, https:\/\/www.metalotrofa.com\/wp-content\/uploads\/2021\/09\/equipa@2x-600x460.png 600w, https:\/\/www.metalotrofa.com\/wp-content\/uploads\/2021\/09\/equipa@2x.png 1148w\" sizes=\"(max-width: 1024px) 100vw, 1024px\" \/>\t\t\t\t\t\t\t\t\t\t\t\t\t\t\t<\/div>\n\t\t\t\t<\/div>\n\t\t\t\t\t<\/div>\n\t\t<\/div>\n\t\t\t\t<div class=\"elementor-column elementor-col-50 elementor-inner-column elementor-element elementor-element-3b1718b form_contactos form_equipa\" data-id=\"3b1718b\" data-element_type=\"column\">\n\t\t\t<div class=\"elementor-widget-wrap elementor-element-populated\">\n\t\t\t\t\t\t\t\t<div class=\"elementor-element elementor-element-7c2d8db contactos_form elementor-widget elementor-widget-shortcode\" data-id=\"7c2d8db\" data-element_type=\"widget\" data-widget_type=\"shortcode.default\">\n\t\t\t\t<div class=\"elementor-widget-container\">\n\t\t\t\t\t<div class=\"elementor-shortcode\"><div role=\"form\" class=\"wpcf7\" id=\"wpcf7-f796-o2\" lang=\"en-US\" dir=\"ltr\">\n<div class=\"screen-reader-response\"><p role=\"status\" aria-live=\"polite\" aria-atomic=\"true\"><\/p> <ul><\/ul><\/div>\n<form action=\"\/fr\/wp-json\/wp\/v2\/pages\/3330#wpcf7-f796-o2\" method=\"post\" class=\"wpcf7-form init\" enctype=\"multipart\/form-data\" novalidate=\"novalidate\" data-status=\"init\" data-trp-original-action=\"\/fr\/wp-json\/wp\/v2\/pages\/3330#wpcf7-f796-o2\">\n<div style=\"display: none;\">\n<input type=\"hidden\" name=\"_wpcf7\" value=\"796\" \/>\n<input type=\"hidden\" name=\"_wpcf7_version\" value=\"5.4.2\" \/>\n<input type=\"hidden\" name=\"_wpcf7_locale\" value=\"en_US\" \/>\n<input type=\"hidden\" name=\"_wpcf7_unit_tag\" value=\"wpcf7-f796-o2\" \/>\n<input type=\"hidden\" name=\"_wpcf7_container_post\" value=\"0\" \/>\n<input type=\"hidden\" name=\"_wpcf7_posted_data_hash\" value=\"\" \/>\n<\/div>\n<div class=\"contact-1\">\n<p><label> <span class=\"wpcf7-form-control-wrap your-name\"><input type=\"text\" name=\"your-name\" value=\"\" size=\"40\" class=\"wpcf7-form-control wpcf7-text wpcf7-validates-as-required\" aria-required=\"true\" aria-invalid=\"false\" placeholder=\"Nom\" \/><\/span> <\/label><br \/>\n<label><span class=\"wpcf7-form-control-wrap your-email\"><input type=\"email\" name=\"your-email\" value=\"\" size=\"40\" class=\"wpcf7-form-control wpcf7-text wpcf7-email wpcf7-validates-as-required wpcf7-validates-as-email\" aria-required=\"true\" aria-invalid=\"false\" placeholder=\"Mail\" \/><\/span> <\/label><br \/>\n<label><span class=\"wpcf7-form-control-wrap your-message\"><textarea name=\"your-message\" cols=\"40\" rows=\"10\" class=\"wpcf7-form-control wpcf7-textarea\" aria-invalid=\"false\" placeholder=\"Message\"><\/textarea><\/span> <\/label><\/p>\n<div class=\"row row_cv\">\n<div class=\"col col-12\"><label> Curriculum vitae:<\/label>\n<\/div>\n<div class=\"col col-12\">\n<div class=\"uploadfieldtrick flex\"><span class=\"wpcf7-form-control-wrap file-265\"><input type=\"file\" name=\"file-265\" size=\"40\" class=\"wpcf7-form-control wpcf7-file fileuploadfield\" id=\"fileuploadfield2\" accept=\".pdf,.txt\" aria-invalid=\"false\" \/><\/span><input type=\"button\" id=\"uploadbrowsebutton2\" class=\"uploadbrowsebutton\" value=\"S\u00e9lectionner un fichier\"><span class=\"wpcf7-form-control-wrap uploadtextfield\"><input type=\"text\" name=\"uploadtextfield\" value=\"\" size=\"40\" class=\"wpcf7-form-control wpcf7-text uploadtextfield\" id=\"uploadtextfield2\" readonly=\"readonly\" aria-invalid=\"false\" placeholder=\"Aucun fichier s\u00e9lectionn\u00e9\" \/><\/span><\/div>\n<\/div>\n<\/div>\n<div class=\"form_footer\">\n<span class=\"wpcf7-form-control-wrap\"><span class=\"wpcf7-form-control wpcf7-checkbox\"><span class=\"wpcf7-form-control-wrap acceptance-949\"><span class=\"wpcf7-form-control wpcf7-acceptance\"><span class=\"wpcf7-list-item\"><label><input type=\"checkbox\" name=\"acceptance-949\" value=\"1\" aria-invalid=\"false\" \/><span class=\"wpcf7-list-item-label\">Lisez et acceptez la politique de confidentialit\u00e9<\/span><\/label><\/span><\/span><\/span><\/span><\/span><\/p>\n<div class=\"main_btn blue_btn\">\n<input type=\"submit\" value=\"Envoyer\" class=\"wpcf7-form-control wpcf7-submit\" \/><br \/>\n<a href=\"#\" class=\"elementor-button-link elementor-button elementor-size-sm btn_form\" role=\"button\"><span class=\"elementor-button-text\">Envoyer<\/span><\/span><span class=\"elementor-button-content-wrapper\"><i aria-hidden=\"true\" class=\"fas fa-angle-right\"><\/i><\/span><\/a>\n<\/div>\n<\/div>\n<\/div>\n<p><script>\n(function($) {\n \t$(\"#uploadtextfield\").click(function() {\n\t\t$('#fileuploadfield').click()});\n\t$(\"#uploadbrowsebutton2\").click(function() {\n\t\t$('#fileuploadfield2').click()});\n$('#fileuploadfield2').change(function(e){\n            var fileName = e.target.files[0].name;\n            $('#uploadtextfield2').val(fileName);});\n\t$(\"#uploadtextfield_id\").click(function() {\n\t\t$('#fileuploadfield_id').click()});\n\t$(\"#uploadbrowsebutton_id\").click(function() {\n\t\t$('#fileuploadfield_id').click()});\n$('#fileuploadfield_id').change(function(e){\n            var fileName = e.target.files[0].name;\n            $('#uploadtextfield_id').val(fileName);});\n$(\"#uploadtextfield_just\").click(function() {\n\t\t$('#fileuploadfield_just').click()});\n\t$(\"#uploadbrowsebutton_just\").click(function() {\n\t\t$('#fileuploadfield_just').click()});\n$('#fileuploadfield_just').change(function(e){\n            var fileName = e.target.files[0].name;\n            $('#uploadtextfield_just').val(fileName);});\n})(jQuery);\n<\/script><\/p>\n<div class=\"wpcf7-response-output\" aria-hidden=\"true\"><\/div><input type=\"hidden\" name=\"trp-form-language\" value=\"fr\"\/><\/form><\/div><\/div>\n\t\t\t\t<\/div>\n\t\t\t\t<\/div>\n\t\t\t\t\t<\/div>\n\t\t<\/div>\n\t\t\t\t\t\t\t<\/div>\n\t\t<\/section>\n\t\t\t\t\t<\/div>\n\t\t<\/div>\n\t\t\t\t\t\t\t<\/div>\n\t\t<\/section>\n\t\t\t\t\t\t<\/div>\n\t\t\t\t\t<\/div>","protected":false},"excerpt":{"rendered":"<p>Contactos Informa\u00e7\u00f5es Precisa de mais informa\u00e7\u00f5es? Entre j\u00e1 em contacto connosco! +351 252 491 094 info@metalotrofa.com R. Central de Ferreiros, n\u00ba206 Pav. C, Ribeir\u00e3o &#8211; Vila Nova de Famalic\u00e3o, Portugal Encontre-nos aqui! Gostava de trabalhar connosco? Junta-te \u00e0 nossa equipa<\/p>","protected":false},"author":1,"featured_media":3295,"parent":0,"menu_order":0,"comment_status":"closed","ping_status":"closed","template":"elementor_header_footer","meta":[],"_links":{"self":[{"href":"https:\/\/www.metalotrofa.com\/fr\/wp-json\/wp\/v2\/pages\/3330"}],"collection":[{"href":"https:\/\/www.metalotrofa.com\/fr\/wp-json\/wp\/v2\/pages"}],"about":[{"href":"https:\/\/www.metalotrofa.com\/fr\/wp-json\/wp\/v2\/types\/page"}],"author":[{"embeddable":true,"href":"https:\/\/www.metalotrofa.com\/fr\/wp-json\/wp\/v2\/users\/1"}],"replies":[{"embeddable":true,"href":"https:\/\/www.metalotrofa.com\/fr\/wp-json\/wp\/v2\/comments?post=3330"}],"version-history":[{"count":110,"href":"https:\/\/www.metalotrofa.com\/fr\/wp-json\/wp\/v2\/pages\/3330\/revisions"}],"predecessor-version":[{"id":3946,"href":"https:\/\/www.metalotrofa.com\/fr\/wp-json\/wp\/v2\/pages\/3330\/revisions\/3946"}],"wp:featuredmedia":[{"embeddable":true,"href":"https:\/\/www.metalotrofa.com\/fr\/wp-json\/wp\/v2\/media\/3295"}],"wp:attachment":[{"href":"https:\/\/www.metalotrofa.com\/fr\/wp-json\/wp\/v2\/media?parent=3330"}],"curies":[{"name":"wp","href":"https:\/\/api.w.org\/{rel}","templated":true}]}}