
{"id":3294,"date":"2021-09-02T14:18:39","date_gmt":"2021-09-02T14:18:39","guid":{"rendered":"https:\/\/www.metalotrofa.com\/website\/?page_id=3294"},"modified":"2021-09-07T17:07:18","modified_gmt":"2021-09-07T17:07:18","slug":"noticias","status":"publish","type":"page","link":"https:\/\/www.metalotrofa.com\/fr\/noticias\/","title":{"rendered":"Nouvelles"},"content":{"rendered":"<div data-elementor-type=\"wp-post\" data-elementor-id=\"3294\" class=\"elementor elementor-3294\" data-elementor-settings=\"[]\">\n\t\t\t\t\t\t\t<div class=\"elementor-section-wrap\">\n\t\t\t\t\t\t\t<section class=\"elementor-section elementor-top-section elementor-element elementor-element-017cbbe header_page elementor-section-boxed elementor-section-height-default elementor-section-height-default\" data-id=\"017cbbe\" data-element_type=\"section\" data-settings=\"{&quot;background_background&quot;:&quot;classic&quot;,&quot;tmea_shape_divider_top&quot;:&quot;none&quot;,&quot;tmea_shape_divider_bottom&quot;:&quot;none&quot;}\">\n\t\t\t\t\t\t<div class=\"elementor-container elementor-column-gap-default\">\n\t\t\t\t\t<div class=\"elementor-column elementor-col-50 elementor-top-column elementor-element elementor-element-f9ebe8b\" data-id=\"f9ebe8b\" data-element_type=\"column\">\n\t\t\t<div class=\"elementor-widget-wrap elementor-element-populated\">\n\t\t\t\t\t\t\t\t<div class=\"elementor-element elementor-element-4d76bce elementor-widget elementor-widget-heading\" data-id=\"4d76bce\" data-element_type=\"widget\" data-widget_type=\"heading.default\">\n\t\t\t\t<div class=\"elementor-widget-container\">\n\t\t\t<h1 class=\"elementor-heading-title elementor-size-default\">Nouvelles<\/h1>\t\t<\/div>\n\t\t\t\t<\/div>\n\t\t\t\t\t<\/div>\n\t\t<\/div>\n\t\t\t\t<div class=\"elementor-column elementor-col-50 elementor-top-column elementor-element elementor-element-fe284b0\" data-id=\"fe284b0\" data-element_type=\"column\">\n\t\t\t<div class=\"elementor-widget-wrap elementor-element-populated\">\n\t\t\t\t\t\t\t\t<div class=\"elementor-element elementor-element-6750a95 elementor-widget elementor-widget-image\" data-id=\"6750a95\" data-element_type=\"widget\" data-widget_type=\"image.default\">\n\t\t\t\t<div class=\"elementor-widget-container\">\n\t\t\t\t\t\t\t\t\t\t\t\t\t\t\t<img width=\"1158\" height=\"628\" src=\"https:\/\/www.metalotrofa.com\/wp-content\/uploads\/2021\/09\/noticias@2x.png\" class=\"attachment-2048x2048 size-2048x2048\" alt=\"\" loading=\"lazy\" srcset=\"https:\/\/www.metalotrofa.com\/wp-content\/uploads\/2021\/09\/noticias@2x.png 1158w, https:\/\/www.metalotrofa.com\/wp-content\/uploads\/2021\/09\/noticias@2x-600x325.png 600w, https:\/\/www.metalotrofa.com\/wp-content\/uploads\/2021\/09\/noticias@2x-300x163.png 300w, https:\/\/www.metalotrofa.com\/wp-content\/uploads\/2021\/09\/noticias@2x-1024x555.png 1024w, https:\/\/www.metalotrofa.com\/wp-content\/uploads\/2021\/09\/noticias@2x-768x416.png 768w\" sizes=\"(max-width: 1158px) 100vw, 1158px\" \/>\t\t\t\t\t\t\t\t\t\t\t\t\t\t\t<\/div>\n\t\t\t\t<\/div>\n\t\t\t\t\t<\/div>\n\t\t<\/div>\n\t\t\t\t\t\t\t<\/div>\n\t\t<\/section>\n\t\t\t\t<section class=\"elementor-section elementor-top-section elementor-element elementor-element-97fb3c7 elementor-section-content-middle bg-2 elementor-section-boxed elementor-section-height-default elementor-section-height-default\" data-id=\"97fb3c7\" data-element_type=\"section\" data-settings=\"{&quot;tmea_shape_divider_top&quot;:&quot;none&quot;,&quot;tmea_shape_divider_bottom&quot;:&quot;none&quot;}\">\n\t\t\t\t\t\t<div class=\"elementor-container elementor-column-gap-default\">\n\t\t\t\t\t<div class=\"elementor-column elementor-col-100 elementor-top-column elementor-element elementor-element-603d766\" data-id=\"603d766\" data-element_type=\"column\">\n\t\t\t<div class=\"elementor-widget-wrap elementor-element-populated\">\n\t\t\t\t\t\t\t\t<div class=\"elementor-element elementor-element-f33227d elementor-widget elementor-widget-ova_blog\" data-id=\"f33227d\" data-element_type=\"widget\" data-widget_type=\"ova_blog.default\">\n\t\t\t\t<div class=\"elementor-widget-container\">\n\t\t\t\t\t<div class=\"ova-blog\">\n\n\t\t\t\n\t\t\t\t<div class=\"item-blog post_3592\">\n\t\t\t\t    \n\t\t\t\t    <div class=\"ova-hidden\">\n\t\t\t\t        <a href=\"https:\/\/www.metalotrofa.com\/fr\/2021\/09\/03\/metalotrofa-ira-estar-presente-na-feira-mindtech-vigo-de-14-a-16-de-setembro-2021\/\">\n\t\t\t\t        <div class=\"ova-media\" style=\"background: url(https:\/\/www.metalotrofa.com\/wp-content\/uploads\/2021\/09\/noticia-2@2x.png)\">\n\t\t\t\t\t    <\/div>    \n\t\t\t\t\t    <\/a>\n\t\t\t\t    <\/div>\n\t\t\t\t\t<div class=\"content\">\n\t\t\t\t\t    \t\t\t\t\t\t\t<div class=\"title\">\n\t\t\t\t\t\t\t\t<h3><a class=\"second_font\" href=\"https:\/\/www.metalotrofa.com\/fr\/2021\/09\/03\/metalotrofa-ira-estar-presente-na-feira-mindtech-vigo-de-14-a-16-de-setembro-2021\/\">Metalotrofa sera pr\u00e9sent au salon Mindtech Vigo du 14 au 16 Septembre 2021<\/a><\/h3>\n\t\t\t\t\t\t\t<\/div>\n\t\t\t\t\t\t\t\t\t\t\t\t<div class=\"date_btn\">\n\t\t\t\t\t\t    <span class=\"date\">\n\t\t\t\t\t\t        <i aria-hidden=\"true\" class=\"far fa-calendar\"><\/i>\n\t\t\t\t\t\t\t    <span class=\"unit day\">03<\/span>\n\t\t\t\t\t\t\t    <span class=\"unit month\">Sep, 2021<\/span>\n\t\t\t\t\t\t    <\/span>\n\t\t\t\t\t\t\n                        <div class=\"main_btn no_back\">\n                            <a href=\"https:\/\/www.metalotrofa.com\/fr\/2021\/09\/03\/metalotrofa-ira-estar-presente-na-feira-mindtech-vigo-de-14-a-16-de-setembro-2021\/\" class=\"elementor-button-link elementor-button elementor-size-sm\" role=\"button\">\n\t\t\t\t\t\t        <span class=\"elementor-button-text\">En savoir plus<\/span>\n\t\t                        <\/span>\n\t\t                        <span class=\"elementor-button-content-wrapper\">\n\t\t\t\t\t\t            <i aria-hidden=\"true\" class=\"fas fa-angle-right\"><\/i>\n\t\t\t\t\t\t        <\/span>\n\t\t\t\t\t        <\/a>\n                        <\/div>\n\t\t\t\t\t\t       \n\t\t\t\t\t\t<\/div>\n                        \n\t\t\t\t\t\t\t\t\t\t\t\n\n\t\t\t\t\t\t\n\t\t\t\t\t<\/div>\n\t\t\t\t<\/div>\n\t\t\t\t\n\t\t\t\t<div class=\"item-blog post_182\">\n\t\t\t\t    \n\t\t\t\t    <div class=\"ova-hidden\">\n\t\t\t\t        <a href=\"https:\/\/www.metalotrofa.com\/fr\/2021\/09\/02\/metalotrofa-marca-presenca-na-feira-midest-lyon-de-6-a-9-de-agosto\/\">\n\t\t\t\t        <div class=\"ova-media\" style=\"background: url(https:\/\/www.metalotrofa.com\/wp-content\/uploads\/2019\/05\/noticia-1.png)\">\n\t\t\t\t\t    <\/div>    \n\t\t\t\t\t    <\/a>\n\t\t\t\t    <\/div>\n\t\t\t\t\t<div class=\"content\">\n\t\t\t\t\t    \t\t\t\t\t\t\t<div class=\"title\">\n\t\t\t\t\t\t\t\t<h3><a class=\"second_font\" href=\"https:\/\/www.metalotrofa.com\/fr\/2021\/09\/02\/metalotrofa-marca-presenca-na-feira-midest-lyon-de-6-a-9-de-agosto\/\">Metalotrofa est pr\u00e9sent au salon Midest Lyon, du 6 au 9 Septembre 2021<\/a><\/h3>\n\t\t\t\t\t\t\t<\/div>\n\t\t\t\t\t\t\t\t\t\t\t\t<div class=\"date_btn\">\n\t\t\t\t\t\t    <span class=\"date\">\n\t\t\t\t\t\t        <i aria-hidden=\"true\" class=\"far fa-calendar\"><\/i>\n\t\t\t\t\t\t\t    <span class=\"unit day\">02<\/span>\n\t\t\t\t\t\t\t    <span class=\"unit month\">Sep, 2021<\/span>\n\t\t\t\t\t\t    <\/span>\n\t\t\t\t\t\t\n                        <div class=\"main_btn no_back\">\n                            <a href=\"https:\/\/www.metalotrofa.com\/fr\/2021\/09\/02\/metalotrofa-marca-presenca-na-feira-midest-lyon-de-6-a-9-de-agosto\/\" class=\"elementor-button-link elementor-button elementor-size-sm\" role=\"button\">\n\t\t\t\t\t\t        <span class=\"elementor-button-text\">En savoir plus<\/span>\n\t\t                        <\/span>\n\t\t                        <span class=\"elementor-button-content-wrapper\">\n\t\t\t\t\t\t            <i aria-hidden=\"true\" class=\"fas fa-angle-right\"><\/i>\n\t\t\t\t\t\t        <\/span>\n\t\t\t\t\t        <\/a>\n                        <\/div>\n\t\t\t\t\t\t       \n\t\t\t\t\t\t<\/div>\n                        \n\t\t\t\t\t\t\t\t\t\t\t\n\n\t\t\t\t\t\t\n\t\t\t\t\t<\/div>\n\t\t\t\t<\/div>\n\t\t\t\t\n\t\t<\/div>\n\t\t\t\t<\/div>\n\t\t\t\t<\/div>\n\t\t\t\t\t<\/div>\n\t\t<\/div>\n\t\t\t\t\t\t\t<\/div>\n\t\t<\/section>\n\t\t\t\t\t\t<\/div>\n\t\t\t\t\t<\/div>","protected":false},"excerpt":{"rendered":"<p>Not\u00edcias Metalotrofa ir\u00e1 estar presente na feira Mindtech Vigo de 14 a 16 de Setembro 2021 03 Set, 2021 Ler Mais Metalotrofa marca presen\u00e7a na feira Midest Lyon, de 6 a 9 de Setembro 2021 02 Set, 2021 Ler Mais<\/p>","protected":false},"author":1,"featured_media":3295,"parent":0,"menu_order":0,"comment_status":"closed","ping_status":"closed","template":"elementor_header_footer","meta":[],"_links":{"self":[{"href":"https:\/\/www.metalotrofa.com\/fr\/wp-json\/wp\/v2\/pages\/3294"}],"collection":[{"href":"https:\/\/www.metalotrofa.com\/fr\/wp-json\/wp\/v2\/pages"}],"about":[{"href":"https:\/\/www.metalotrofa.com\/fr\/wp-json\/wp\/v2\/types\/page"}],"author":[{"embeddable":true,"href":"https:\/\/www.metalotrofa.com\/fr\/wp-json\/wp\/v2\/users\/1"}],"replies":[{"embeddable":true,"href":"https:\/\/www.metalotrofa.com\/fr\/wp-json\/wp\/v2\/comments?post=3294"}],"version-history":[{"count":19,"href":"https:\/\/www.metalotrofa.com\/fr\/wp-json\/wp\/v2\/pages\/3294\/revisions"}],"predecessor-version":[{"id":3967,"href":"https:\/\/www.metalotrofa.com\/fr\/wp-json\/wp\/v2\/pages\/3294\/revisions\/3967"}],"wp:featuredmedia":[{"embeddable":true,"href":"https:\/\/www.metalotrofa.com\/fr\/wp-json\/wp\/v2\/media\/3295"}],"wp:attachment":[{"href":"https:\/\/www.metalotrofa.com\/fr\/wp-json\/wp\/v2\/media?parent=3294"}],"curies":[{"name":"wp","href":"https:\/\/api.w.org\/{rel}","templated":true}]}}