
{"id":3165,"date":"2021-09-02T10:29:01","date_gmt":"2021-09-02T10:29:01","guid":{"rendered":"https:\/\/www.metalotrofa.com\/website\/?page_id=3165"},"modified":"2021-09-21T09:01:26","modified_gmt":"2021-09-21T09:01:26","slug":"qualidade","status":"publish","type":"page","link":"https:\/\/www.metalotrofa.com\/fr\/qualidade\/","title":{"rendered":"Qualit\u00e9"},"content":{"rendered":"<div data-elementor-type=\"wp-post\" data-elementor-id=\"3165\" class=\"elementor elementor-3165\" data-elementor-settings=\"[]\">\n\t\t\t\t\t\t\t<div class=\"elementor-section-wrap\">\n\t\t\t\t\t\t\t<section class=\"elementor-section elementor-top-section elementor-element elementor-element-017cbbe header_page elementor-section-boxed elementor-section-height-default elementor-section-height-default\" data-id=\"017cbbe\" data-element_type=\"section\" data-settings=\"{&quot;background_background&quot;:&quot;classic&quot;,&quot;tmea_shape_divider_top&quot;:&quot;none&quot;,&quot;tmea_shape_divider_bottom&quot;:&quot;none&quot;}\">\n\t\t\t\t\t\t<div class=\"elementor-container elementor-column-gap-default\">\n\t\t\t\t\t<div class=\"elementor-column elementor-col-50 elementor-top-column elementor-element elementor-element-f9ebe8b\" data-id=\"f9ebe8b\" data-element_type=\"column\">\n\t\t\t<div class=\"elementor-widget-wrap elementor-element-populated\">\n\t\t\t\t\t\t\t\t<div class=\"elementor-element elementor-element-4d76bce elementor-widget elementor-widget-heading\" data-id=\"4d76bce\" data-element_type=\"widget\" data-widget_type=\"heading.default\">\n\t\t\t\t<div class=\"elementor-widget-container\">\n\t\t\t<h1 class=\"elementor-heading-title elementor-size-default\">Qualit\u00e9<\/h1>\t\t<\/div>\n\t\t\t\t<\/div>\n\t\t\t\t\t<\/div>\n\t\t<\/div>\n\t\t\t\t<div class=\"elementor-column elementor-col-50 elementor-top-column elementor-element elementor-element-fe284b0\" data-id=\"fe284b0\" data-element_type=\"column\">\n\t\t\t<div class=\"elementor-widget-wrap elementor-element-populated\">\n\t\t\t\t\t\t\t\t<div class=\"elementor-element elementor-element-6750a95 elementor-widget elementor-widget-image\" data-id=\"6750a95\" data-element_type=\"widget\" data-widget_type=\"image.default\">\n\t\t\t\t<div class=\"elementor-widget-container\">\n\t\t\t\t\t\t\t\t\t\t\t\t\t\t\t<img width=\"1158\" height=\"628\" src=\"https:\/\/www.metalotrofa.com\/wp-content\/uploads\/2021\/09\/qualidade@2x.png\" class=\"attachment-2048x2048 size-2048x2048\" alt=\"\" loading=\"lazy\" srcset=\"https:\/\/www.metalotrofa.com\/wp-content\/uploads\/2021\/09\/qualidade@2x.png 1158w, https:\/\/www.metalotrofa.com\/wp-content\/uploads\/2021\/09\/qualidade@2x-600x325.png 600w, https:\/\/www.metalotrofa.com\/wp-content\/uploads\/2021\/09\/qualidade@2x-300x163.png 300w, https:\/\/www.metalotrofa.com\/wp-content\/uploads\/2021\/09\/qualidade@2x-1024x555.png 1024w, https:\/\/www.metalotrofa.com\/wp-content\/uploads\/2021\/09\/qualidade@2x-768x416.png 768w\" sizes=\"(max-width: 1158px) 100vw, 1158px\" \/>\t\t\t\t\t\t\t\t\t\t\t\t\t\t\t<\/div>\n\t\t\t\t<\/div>\n\t\t\t\t\t<\/div>\n\t\t<\/div>\n\t\t\t\t\t\t\t<\/div>\n\t\t<\/section>\n\t\t\t\t<section class=\"elementor-section elementor-top-section elementor-element elementor-element-97fb3c7 elementor-section-content-middle elementor-section-boxed elementor-section-height-default elementor-section-height-default\" data-id=\"97fb3c7\" data-element_type=\"section\" data-settings=\"{&quot;tmea_shape_divider_top&quot;:&quot;none&quot;,&quot;tmea_shape_divider_bottom&quot;:&quot;none&quot;}\">\n\t\t\t\t\t\t<div class=\"elementor-container elementor-column-gap-default\">\n\t\t\t\t\t<div class=\"elementor-column elementor-col-50 elementor-top-column elementor-element elementor-element-603d766\" data-id=\"603d766\" data-element_type=\"column\">\n\t\t\t<div class=\"elementor-widget-wrap elementor-element-populated\">\n\t\t\t\t\t\t\t\t<div class=\"elementor-element elementor-element-bab183c elementor-widget elementor-widget-ova_heading\" data-id=\"bab183c\" data-element_type=\"widget\" data-widget_type=\"ova_heading.default\">\n\t\t\t\t<div class=\"elementor-widget-container\">\n\t\t\t\t\t<div class=\"ova-heading\">\n\t\t\t\t\t\t\t<h5 class=\"sub-title second_font\"><span><\/span>Notre laboratoire<\/h5>\n\t\t\t\t\t\t\t\t\t\t<h2 class=\"title second_font\">Qualit\u00e9 dans tous les services<\/h2>\n\t\t\t\n\t\t\t\t\t\t\t\t<\/div>\n\t\t\t\t<\/div>\n\t\t\t\t<\/div>\n\t\t\t\t<div class=\"elementor-element elementor-element-59af66f certificados elementor-widget elementor-widget-image-gallery\" data-id=\"59af66f\" data-element_type=\"widget\" data-widget_type=\"image-gallery.default\">\n\t\t\t\t<div class=\"elementor-widget-container\">\n\t\t\t\t\t<div class=\"elementor-image-gallery\">\n\t\t\t\n\t\t<style type=\"text\/css\">\n\t\t\t#gallery-1 {\n\t\t\t\tmargin: auto;\n\t\t\t}\n\t\t\t#gallery-1 .gallery-item {\n\t\t\t\tfloat: left;\n\t\t\t\tmargin-top: 10px;\n\t\t\t\ttext-align: center;\n\t\t\t\twidth: 50%;\n\t\t\t}\n\t\t\t#gallery-1 img {\n\t\t\t\tborder: 2px solid #cfcfcf;\n\t\t\t}\n\t\t\t#gallery-1 .gallery-caption {\n\t\t\t\tmargin-left: 0;\n\t\t\t}\n\t\t\t\/* see gallery_shortcode() in wp-includes\/media.php *\/\n\t\t<\/style>\n\t\t<div id='gallery-1' class='gallery galleryid-3165 gallery-columns-2 gallery-size-medium_large'><dl class='gallery-item'>\n\t\t\t<dt class='gallery-icon landscape'>\n\t\t\t\t<img src=\"https:\/\/www.metalotrofa.com\/wp-content\/uploads\/2019\/05\/aenor.svg\" class=\"attachment-medium_large size-medium_large\" alt=\"\" loading=\"lazy\" height=\"79\" width=\"94\" \/>\n\t\t\t<\/dt><\/dl><dl class='gallery-item'>\n\t\t\t<dt class='gallery-icon landscape'>\n\t\t\t\t<img src=\"https:\/\/www.metalotrofa.com\/wp-content\/uploads\/2019\/05\/iqnet.svg\" class=\"attachment-medium_large size-medium_large\" alt=\"\" loading=\"lazy\" height=\"74.359\" width=\"74.354\" \/>\n\t\t\t<\/dt><\/dl><br style=\"clear: both\" \/>\n\t\t<\/div>\n\t\t<\/div>\n\t\t\t\t<\/div>\n\t\t\t\t<\/div>\n\t\t\t\t\t<\/div>\n\t\t<\/div>\n\t\t\t\t<div class=\"elementor-column elementor-col-50 elementor-top-column elementor-element elementor-element-cc446a1\" data-id=\"cc446a1\" data-element_type=\"column\">\n\t\t\t<div class=\"elementor-widget-wrap elementor-element-populated\">\n\t\t\t\t\t\t\t\t<div class=\"elementor-element elementor-element-5768dd7 elementor-widget elementor-widget-text-editor\" data-id=\"5768dd7\" data-element_type=\"widget\" data-widget_type=\"text-editor.default\">\n\t\t\t\t<div class=\"elementor-widget-container\">\n\t\t\t\t\t\t\t<p>\u00c9tant la qualit\u00e9 du service fourni le drapeau de notre entreprise, nous disposons d'un laboratoire pour pouvoir contr\u00f4ler les activit\u00e9s que nous d\u00e9veloppons, avec une grand diversit\u00e9 d'\u00e9quipements de mesure qui sont p\u00e9riodiquement calibr\u00e9s et surveill\u00e9s, ainsi qu'une \u00e9quipe technique pr\u00eate \u00e0 s'adapter aux exigences du march\u00e9.<\/p><p>L'\u00e9quipement de mesure est calibr\u00e9 plusieurs fois, avec une gamme vari\u00e9e : Bras de mesure 3D \u2013 Faro Edge 2,7m (CMM), Colonne de mesure verticale, Microm\u00e8tres, Pieds \u00e0 coulisse, Comparateurs, Jauges, Jauge d'angle, Rugosimeter, Durom\u00e8tre, Compteur d'\u00e9paisseurs de rev\u00eatement, parmi d'autres qui sont jug\u00e9s n\u00e9cessaires \u00e0 la validation du travail d\u00e9velopp\u00e9 par nous.<\/p><p class=\" translation-block\">Metalotrofa dispose d'un syst\u00e8me de gestion de la qualit\u00e9 conforme \u00e0 la norme EN ISO 9001:2015, et son syst\u00e8me est en train de m\u00fbrir depuis 2005.<\/p>\t\t\t\t\t\t<\/div>\n\t\t\t\t<\/div>\n\t\t\t\t\t<\/div>\n\t\t<\/div>\n\t\t\t\t\t\t\t<\/div>\n\t\t<\/section>\n\t\t\t\t<section class=\"elementor-section elementor-top-section elementor-element elementor-element-f7aca4a elementor-section-content-middle elementor-section-boxed elementor-section-height-default elementor-section-height-default\" data-id=\"f7aca4a\" data-element_type=\"section\" data-settings=\"{&quot;tmea_shape_divider_top&quot;:&quot;none&quot;,&quot;tmea_shape_divider_bottom&quot;:&quot;none&quot;}\">\n\t\t\t\t\t\t<div class=\"elementor-container elementor-column-gap-default\">\n\t\t\t\t\t<div class=\"elementor-column elementor-col-50 elementor-top-column elementor-element elementor-element-ac855df\" data-id=\"ac855df\" data-element_type=\"column\">\n\t\t\t<div class=\"elementor-widget-wrap elementor-element-populated\">\n\t\t\t\t\t\t\t\t<div class=\"elementor-element elementor-element-068e26b elementor-widget elementor-widget-ova_heading\" data-id=\"068e26b\" data-element_type=\"widget\" data-widget_type=\"ova_heading.default\">\n\t\t\t\t<div class=\"elementor-widget-container\">\n\t\t\t\t\t<div class=\"ova-heading\">\n\t\t\t\t\t\t\t<h5 class=\"sub-title second_font\"><span><\/span>Ax\u00e9 sur la qualit\u00e9<\/h5>\n\t\t\t\t\t\t\t\t\t\t<h2 class=\"title second_font\">Politique du syst\u00e8me de gestion de la qualit\u00e9<\/h2>\n\t\t\t\n\t\t\t\t\t\t\t<div class=\"desc\"><p>Satisfaire les besoins et les attentes de nos clients en termes de qualit\u00e9, de d\u00e9lais et de prix, en garantissant la rentabilit\u00e9 de l'entreprise. Impl\u00e9menter, maintenir et am\u00e9liorer continuellement un syst\u00e8me de gestion de la qualit\u00e9 conform\u00e9ment \u00e0 la norme NP EN ISO 9001:2015, qui garantit le respect des exigences applicables. Favoriser l'implication de tous les employ\u00e9s dans l'am\u00e9lioration continue des processus de l'entreprise et des services fournis, dans une optique de satisfaction continue de la client\u00e8le.<\/p><\/div>\n\t\t\t\t\t\t\t\t<\/div>\n\t\t\t\t<\/div>\n\t\t\t\t<\/div>\n\t\t\t\t\t<\/div>\n\t\t<\/div>\n\t\t\t\t<div class=\"elementor-column elementor-col-50 elementor-top-column elementor-element elementor-element-ad4c9dd container_left_50\" data-id=\"ad4c9dd\" data-element_type=\"column\">\n\t\t\t<div class=\"elementor-widget-wrap elementor-element-populated\">\n\t\t\t\t\t\t\t\t<div class=\"elementor-element elementor-element-71da73a slider_qualidade elementor-pagination-position-outside elementor-widget elementor-widget-image-carousel\" data-id=\"71da73a\" data-element_type=\"widget\" data-settings=\"{&quot;slides_to_show&quot;:&quot;2&quot;,&quot;navigation&quot;:&quot;dots&quot;,&quot;infinite&quot;:&quot;no&quot;,&quot;slides_to_show_tablet&quot;:&quot;1&quot;,&quot;autoplay&quot;:&quot;yes&quot;,&quot;pause_on_hover&quot;:&quot;yes&quot;,&quot;pause_on_interaction&quot;:&quot;yes&quot;,&quot;autoplay_speed&quot;:5000,&quot;speed&quot;:500}\" data-widget_type=\"image-carousel.default\">\n\t\t\t\t<div class=\"elementor-widget-container\">\n\t\t\t\t\t<div class=\"elementor-image-carousel-wrapper swiper-container\" dir=\"ltr\">\n\t\t\t<div class=\"elementor-image-carousel swiper-wrapper\">\n\t\t\t\t\t\t\t\t<div class=\"swiper-slide\"><figure class=\"swiper-slide-inner\"><div class=\"swiper-slide-image\" style=\"background:url(https:\/\/www.metalotrofa.com\/wp-content\/uploads\/2021\/09\/qualidade1@2x-1024x870.png)\" alt=\"qualidade1@2x\" ><\/div><\/figure><\/div><div class=\"swiper-slide\"><figure class=\"swiper-slide-inner\"><div class=\"swiper-slide-image\" style=\"background:url(https:\/\/www.metalotrofa.com\/wp-content\/uploads\/2021\/09\/qualidade2@2x-1024x870.png)\" alt=\"qualidade2@2x\" ><\/div><\/figure><\/div><div class=\"swiper-slide\"><figure class=\"swiper-slide-inner\"><div class=\"swiper-slide-image\" style=\"background:url(https:\/\/www.metalotrofa.com\/wp-content\/uploads\/2021\/09\/qualidade3@2x-1024x870.png)\" alt=\"qualidade3@2x\" ><\/div><\/figure><\/div><div class=\"swiper-slide\"><figure class=\"swiper-slide-inner\"><div class=\"swiper-slide-image\" style=\"background:url(https:\/\/www.metalotrofa.com\/wp-content\/uploads\/2021\/09\/qualidade4@2x-1024x870.png)\" alt=\"qualidade4@2x\" ><\/div><\/figure><\/div>\t\t\t<\/div>\n\t\t\t\t\t\t\t\t\t\t\t\t<div class=\"swiper-pagination\"><\/div>\n\t\t\t\t\t\t\t\t\t\t\t\t\t<\/div>\n\t\t\t\t<\/div>\n\t\t\t\t<\/div>\n\t\t\t\t\t<\/div>\n\t\t<\/div>\n\t\t\t\t\t\t\t<\/div>\n\t\t<\/section>\n\t\t\t\t<section class=\"elementor-section elementor-top-section elementor-element elementor-element-2650b4b elementor-section-content-middle cta_bg elementor-reverse-tablet elementor-reverse-mobile elementor-hidden-desktop elementor-hidden-laptop elementor-hidden-tablet elementor-hidden-mobile elementor-section-boxed elementor-section-height-default elementor-section-height-default\" data-id=\"2650b4b\" data-element_type=\"section\" data-settings=\"{&quot;background_background&quot;:&quot;classic&quot;,&quot;tmea_shape_divider_top&quot;:&quot;none&quot;,&quot;tmea_shape_divider_bottom&quot;:&quot;none&quot;}\">\n\t\t\t\t\t\t<div class=\"elementor-container elementor-column-gap-default\">\n\t\t\t\t\t<div class=\"elementor-column elementor-col-50 elementor-top-column elementor-element elementor-element-73edef6\" data-id=\"73edef6\" data-element_type=\"column\">\n\t\t\t<div class=\"elementor-widget-wrap elementor-element-populated\">\n\t\t\t\t\t\t\t\t<div class=\"elementor-element elementor-element-986237a img_produto elementor-widget elementor-widget-image\" data-id=\"986237a\" data-element_type=\"widget\" data-widget_type=\"image.default\">\n\t\t\t\t<div class=\"elementor-widget-container\">\n\t\t\t\t\t\t\t\t\t\t\t\t\t\t\t<img width=\"300\" height=\"300\" src=\"https:\/\/www.metalotrofa.com\/wp-content\/uploads\/2021\/09\/SUB00210-editada@2x-1-300x300.png\" class=\"attachment-medium size-medium\" alt=\"\" loading=\"lazy\" srcset=\"https:\/\/www.metalotrofa.com\/wp-content\/uploads\/2021\/09\/SUB00210-editada@2x-1-300x300.png 300w, https:\/\/www.metalotrofa.com\/wp-content\/uploads\/2021\/09\/SUB00210-editada@2x-1-150x150.png 150w, https:\/\/www.metalotrofa.com\/wp-content\/uploads\/2021\/09\/SUB00210-editada@2x-1-768x766.png 768w, https:\/\/www.metalotrofa.com\/wp-content\/uploads\/2021\/09\/SUB00210-editada@2x-1-12x12.png 12w, https:\/\/www.metalotrofa.com\/wp-content\/uploads\/2021\/09\/SUB00210-editada@2x-1-600x599.png 600w, https:\/\/www.metalotrofa.com\/wp-content\/uploads\/2021\/09\/SUB00210-editada@2x-1-100x100.png 100w, https:\/\/www.metalotrofa.com\/wp-content\/uploads\/2021\/09\/SUB00210-editada@2x-1.png 1006w\" sizes=\"(max-width: 300px) 100vw, 300px\" \/>\t\t\t\t\t\t\t\t\t\t\t\t\t\t\t<\/div>\n\t\t\t\t<\/div>\n\t\t\t\t\t<\/div>\n\t\t<\/div>\n\t\t\t\t<div class=\"elementor-column elementor-col-50 elementor-top-column elementor-element elementor-element-cd702c7\" data-id=\"cd702c7\" data-element_type=\"column\">\n\t\t\t<div class=\"elementor-widget-wrap elementor-element-populated\">\n\t\t\t\t\t\t\t\t<div class=\"elementor-element elementor-element-843111a elementor-widget elementor-widget-ova_heading\" data-id=\"843111a\" data-element_type=\"widget\" data-widget_type=\"ova_heading.default\">\n\t\t\t\t<div class=\"elementor-widget-container\">\n\t\t\t\t\t<div class=\"ova-heading\">\n\t\t\t\t\t\t\t<h5 class=\"sub-title second_font\"><span><\/span>La qualit\u00e9 \u00e0 votre disposition<\/h5>\n\t\t\t\t\t\t\t\t\t\t<h2 class=\"title second_font\">Voir les produits que nous fabriquons<\/h2>\n\t\t\t\n\t\t\t\t\t\t\t\t<\/div>\n\t\t\t\t<\/div>\n\t\t\t\t<\/div>\n\t\t\t\t<div class=\"elementor-element elementor-element-82dd1ed main_btn btn_center_t elementor-tablet-align-center elementor-widget elementor-widget-button\" data-id=\"82dd1ed\" data-element_type=\"widget\" data-widget_type=\"button.default\">\n\t\t\t\t<div class=\"elementor-widget-container\">\n\t\t\t\t\t<div class=\"elementor-button-wrapper\">\n\t\t\t<a href=\"https:\/\/www.metalotrofa.com\/fr\/produtos\/\" class=\"elementor-button-link elementor-button elementor-size-sm\" role=\"button\">\n\t\t\t\t\t\t<span class=\"elementor-button-content-wrapper\">\n\t\t\t\t\t\t<span class=\"elementor-button-icon elementor-align-icon-left\">\n\t\t\t\t<i aria-hidden=\"true\" class=\"fas fa-angle-right\"><\/i>\t\t\t<\/span>\n\t\t\t\t\t\t<span class=\"elementor-button-text\">Voir les produits<\/span>\n\t\t<\/span>\n\t\t\t\t\t<\/a>\n\t\t<\/div>\n\t\t\t\t<\/div>\n\t\t\t\t<\/div>\n\t\t\t\t\t<\/div>\n\t\t<\/div>\n\t\t\t\t\t\t\t<\/div>\n\t\t<\/section>\n\t\t\t\t\t\t<\/div>\n\t\t\t\t\t<\/div>","protected":false},"excerpt":{"rendered":"<p>Qualidade O nosso laborat\u00f3rio Qualidade em todos os servi\u00e7os Sendo a qualidade no servi\u00e7o prestado a bandeira da nossa empresa, temos um laborat\u00f3rio para poder controlar as atividades por n\u00f3s desenvolvidas, com uma grande diversidade de equipamentos de medida periodicamente calibrados e monitorizados, bem como uma equipa t\u00e9cnica preparada para se adaptar \u00e0s exig\u00eancias do [&hellip;]<\/p>","protected":false},"author":1,"featured_media":3167,"parent":0,"menu_order":0,"comment_status":"closed","ping_status":"closed","template":"elementor_header_footer","meta":[],"_links":{"self":[{"href":"https:\/\/www.metalotrofa.com\/fr\/wp-json\/wp\/v2\/pages\/3165"}],"collection":[{"href":"https:\/\/www.metalotrofa.com\/fr\/wp-json\/wp\/v2\/pages"}],"about":[{"href":"https:\/\/www.metalotrofa.com\/fr\/wp-json\/wp\/v2\/types\/page"}],"author":[{"embeddable":true,"href":"https:\/\/www.metalotrofa.com\/fr\/wp-json\/wp\/v2\/users\/1"}],"replies":[{"embeddable":true,"href":"https:\/\/www.metalotrofa.com\/fr\/wp-json\/wp\/v2\/comments?post=3165"}],"version-history":[{"count":112,"href":"https:\/\/www.metalotrofa.com\/fr\/wp-json\/wp\/v2\/pages\/3165\/revisions"}],"predecessor-version":[{"id":4091,"href":"https:\/\/www.metalotrofa.com\/fr\/wp-json\/wp\/v2\/pages\/3165\/revisions\/4091"}],"wp:featuredmedia":[{"embeddable":true,"href":"https:\/\/www.metalotrofa.com\/fr\/wp-json\/wp\/v2\/media\/3167"}],"wp:attachment":[{"href":"https:\/\/www.metalotrofa.com\/fr\/wp-json\/wp\/v2\/media?parent=3165"}],"curies":[{"name":"wp","href":"https:\/\/api.w.org\/{rel}","templated":true}]}}